{"id":3083,"date":"2020-07-23T18:31:31","date_gmt":"2020-07-23T18:31:31","guid":{"rendered":"https:\/\/uniconciencia.com\/?page_id=3083"},"modified":"2020-07-23T18:53:16","modified_gmt":"2020-07-23T18:53:16","slug":"sobre-nosotros","status":"publish","type":"page","link":"https:\/\/uniconciencia.com\/?page_id=3083","title":{"rendered":"Sobre Nosotros"},"content":{"rendered":"\t\t<div data-elementor-type=\"wp-page\" data-elementor-id=\"3083\" class=\"elementor elementor-3083\">\n\t\t\t\t\t\t<section class=\"elementor-section elementor-top-section elementor-element elementor-element-229d635 elementor-section-boxed elementor-section-height-default elementor-section-height-default\" data-id=\"229d635\" data-element_type=\"section\" data-e-type=\"section\" data-settings=\"{&quot;background_background&quot;:&quot;gradient&quot;}\">\n\t\t\t\t\t\t<div class=\"elementor-container elementor-column-gap-default\">\n\t\t\t\t\t<div class=\"elementor-column elementor-col-100 elementor-top-column elementor-element elementor-element-0d0c653\" data-id=\"0d0c653\" data-element_type=\"column\" data-e-type=\"column\">\n\t\t\t<div class=\"elementor-widget-wrap elementor-element-populated\">\n\t\t\t\t\t\t<div class=\"elementor-element elementor-element-d213e38 elementor-widget elementor-widget-image\" data-id=\"d213e38\" data-element_type=\"widget\" data-e-type=\"widget\" data-widget_type=\"image.default\">\n\t\t\t\t<div class=\"elementor-widget-container\">\n\t\t\t\t\t\t\t\t\t\t\t\t\t\t\t<img fetchpriority=\"high\" decoding=\"async\" width=\"1024\" height=\"493\" src=\"https:\/\/uniconciencia.com\/wp-content\/uploads\/2020\/07\/UC-2-1024x493.png\" class=\"attachment-large size-large wp-image-2562\" alt=\"\" srcset=\"https:\/\/uniconciencia.com\/wp-content\/uploads\/2020\/07\/UC-2-1024x493.png 1024w, https:\/\/uniconciencia.com\/wp-content\/uploads\/2020\/07\/UC-2-300x144.png 300w, https:\/\/uniconciencia.com\/wp-content\/uploads\/2020\/07\/UC-2-768x370.png 768w, https:\/\/uniconciencia.com\/wp-content\/uploads\/2020\/07\/UC-2-600x289.png 600w, https:\/\/uniconciencia.com\/wp-content\/uploads\/2020\/07\/UC-2.png 1350w\" sizes=\"(max-width: 1024px) 100vw, 1024px\" \/>\t\t\t\t\t\t\t\t\t\t\t\t\t\t\t<\/div>\n\t\t\t\t<\/div>\n\t\t\t\t\t<\/div>\n\t\t<\/div>\n\t\t\t\t\t<\/div>\n\t\t<\/section>\n\t\t\t\t<section class=\"elementor-section elementor-top-section elementor-element elementor-element-b3f99d3 elementor-section-boxed elementor-section-height-default elementor-section-height-default\" data-id=\"b3f99d3\" data-element_type=\"section\" data-e-type=\"section\" data-settings=\"{&quot;background_background&quot;:&quot;gradient&quot;}\">\n\t\t\t\t\t\t<div class=\"elementor-container elementor-column-gap-default\">\n\t\t\t\t\t<div class=\"elementor-column elementor-col-100 elementor-top-column elementor-element elementor-element-9a63344\" data-id=\"9a63344\" data-element_type=\"column\" data-e-type=\"column\">\n\t\t\t<div class=\"elementor-widget-wrap elementor-element-populated\">\n\t\t\t\t\t\t<div class=\"elementor-element elementor-element-23fd621 elementor-widget elementor-widget-text-editor\" data-id=\"23fd621\" data-element_type=\"widget\" data-e-type=\"widget\" data-widget_type=\"text-editor.default\">\n\t\t\t\t<div class=\"elementor-widget-container\">\n\t\t\t\t\t\t\t\t\t<h3>Universidad Conciencia surge de la idea de brindar conocimiento para que cada persona pueda comprenderlo mediante su propia experimentaci\u00f3n.\u00a0<\/h3><h3>Consideramos que el prop\u00f3sito de la experiencia humana es evolucionar, elevar la conciencia a partir de la comprensi\u00f3n del conocimiento, para llenarse de sabidur\u00eda y amor.<\/h3><h3>Es por esto que nuestras formaciones, Programas, Cursos y Eventos surgen desde lo que experimentamos como la m\u00e1s alta sabidur\u00eda, encontrando en ellos, nuevos puntos de vista al abordaje de la vida, sobre la base de la meditaci\u00f3n, la auto-observaci\u00f3n, el conocimiento de la leyes que rigen la Matrix \u00a0y la comprensi\u00f3n del mundo.<\/h3>\t\t\t\t\t\t\t\t<\/div>\n\t\t\t\t<\/div>\n\t\t\t\t\t<\/div>\n\t\t<\/div>\n\t\t\t\t\t<\/div>\n\t\t<\/section>\n\t\t\t\t<section class=\"elementor-section elementor-top-section elementor-element elementor-element-d9054cc elementor-section-boxed elementor-section-height-default elementor-section-height-default\" data-id=\"d9054cc\" data-element_type=\"section\" data-e-type=\"section\" data-settings=\"{&quot;background_background&quot;:&quot;classic&quot;}\">\n\t\t\t\t\t\t<div class=\"elementor-container elementor-column-gap-default\">\n\t\t\t\t\t<div class=\"elementor-column elementor-col-100 elementor-top-column elementor-element elementor-element-e1fbc43\" data-id=\"e1fbc43\" data-element_type=\"column\" data-e-type=\"column\">\n\t\t\t<div class=\"elementor-widget-wrap elementor-element-populated\">\n\t\t\t\t\t\t<div class=\"elementor-element elementor-element-da6151c elementor-widget elementor-widget-heading\" data-id=\"da6151c\" data-element_type=\"widget\" data-e-type=\"widget\" data-widget_type=\"heading.default\">\n\t\t\t\t<div class=\"elementor-widget-container\">\n\t\t\t\t\t<h2 class=\"elementor-heading-title elementor-size-default\">Algunos de nuestros referentes son:<\/h2>\t\t\t\t<\/div>\n\t\t\t\t<\/div>\n\t\t\t\t\t<\/div>\n\t\t<\/div>\n\t\t\t\t\t<\/div>\n\t\t<\/section>\n\t\t\t\t<section class=\"elementor-section elementor-top-section elementor-element elementor-element-3a2182a elementor-section-boxed elementor-section-height-default elementor-section-height-default\" data-id=\"3a2182a\" data-element_type=\"section\" data-e-type=\"section\" data-settings=\"{&quot;background_background&quot;:&quot;gradient&quot;}\">\n\t\t\t\t\t\t<div class=\"elementor-container elementor-column-gap-default\">\n\t\t\t\t\t<div class=\"elementor-column elementor-col-100 elementor-top-column elementor-element elementor-element-b1ce57a\" data-id=\"b1ce57a\" data-element_type=\"column\" data-e-type=\"column\">\n\t\t\t<div class=\"elementor-widget-wrap elementor-element-populated\">\n\t\t\t\t\t\t<div class=\"elementor-element elementor-element-e94ae8c elementor-widget elementor-widget-heading\" data-id=\"e94ae8c\" data-element_type=\"widget\" data-e-type=\"widget\" data-widget_type=\"heading.default\">\n\t\t\t\t<div class=\"elementor-widget-container\">\n\t\t\t\t\t<h2 class=\"elementor-heading-title elementor-size-default\">Jes\u00fas, Buda, Pedro Romaniuk, Carl Jung, \nEnrique Pich\u00f3n Riviere, Louisa Hay, Wayne Dyer, \nYohana Garcia, Bruce Lipton, Osho,\n  Eckhart Tolle, Jorge Lomar, \nGerardo Schmedling Torres, \nUn Curso de Milagros,\nm\u00e1s nuestra propia inspiraci\u00f3n y la de todas  las personas que cotidianamente nos ense\u00f1an y nos entrenan para experimentar LA COMPRENSI\u00d3N.<br>\nGracias, Gracias, Gracias\u2026\n<\/h2>\t\t\t\t<\/div>\n\t\t\t\t<\/div>\n\t\t\t\t\t<\/div>\n\t\t<\/div>\n\t\t\t\t\t<\/div>\n\t\t<\/section>\n\t\t\t\t<\/div>\n\t\t","protected":false},"excerpt":{"rendered":"<p>Universidad Conciencia surge de la idea de brindar conocimiento para que cada persona pueda comprenderlo mediante su propia experimentaci\u00f3n.\u00a0 Consideramos que el prop\u00f3sito de la experiencia humana es evolucionar, elevar la conciencia a partir de la comprensi\u00f3n del conocimiento, para llenarse de sabidur\u00eda y amor. Es por esto que nuestras formaciones, Programas, Cursos y Eventos [&hellip;]<\/p>\n","protected":false},"author":1,"featured_media":0,"parent":0,"menu_order":0,"comment_status":"closed","ping_status":"closed","template":"","meta":{"site-sidebar-layout":"no-sidebar","site-content-layout":"page-builder","ast-site-content-layout":"default","site-content-style":"default","site-sidebar-style":"default","ast-global-header-display":"","ast-banner-title-visibility":"","ast-main-header-display":"","ast-hfb-above-header-display":"","ast-hfb-below-header-display":"","ast-hfb-mobile-header-display":"","site-post-title":"disabled","ast-breadcrumbs-content":"","ast-featured-img":"disabled","footer-sml-layout":"","ast-disable-related-posts":"","theme-transparent-header-meta":"default","adv-header-id-meta":"","stick-header-meta":"","header-above-stick-meta":"","header-main-stick-meta":"","header-below-stick-meta":"","astra-migrate-meta-layouts":"default","ast-page-background-enabled":"default","ast-page-background-meta":{"desktop":{"background-color":"","background-image":"","background-repeat":"repeat","background-position":"center center","background-size":"auto","background-attachment":"scroll","background-type":"","background-media":"","overlay-type":"","overlay-color":"","overlay-opacity":"","overlay-gradient":""},"tablet":{"background-color":"","background-image":"","background-repeat":"repeat","background-position":"center center","background-size":"auto","background-attachment":"scroll","background-type":"","background-media":"","overlay-type":"","overlay-color":"","overlay-opacity":"","overlay-gradient":""},"mobile":{"background-color":"","background-image":"","background-repeat":"repeat","background-position":"center center","background-size":"auto","background-attachment":"scroll","background-type":"","background-media":"","overlay-type":"","overlay-color":"","overlay-opacity":"","overlay-gradient":""}},"ast-content-background-meta":{"desktop":{"background-color":"var(--ast-global-color-5)","background-image":"","background-repeat":"repeat","background-position":"center center","background-size":"auto","background-attachment":"scroll","background-type":"","background-media":"","overlay-type":"","overlay-color":"","overlay-opacity":"","overlay-gradient":""},"tablet":{"background-color":"var(--ast-global-color-5)","background-image":"","background-repeat":"repeat","background-position":"center center","background-size":"auto","background-attachment":"scroll","background-type":"","background-media":"","overlay-type":"","overlay-color":"","overlay-opacity":"","overlay-gradient":""},"mobile":{"background-color":"var(--ast-global-color-5)","background-image":"","background-repeat":"repeat","background-position":"center center","background-size":"auto","background-attachment":"scroll","background-type":"","background-media":"","overlay-type":"","overlay-color":"","overlay-opacity":"","overlay-gradient":""}},"footnotes":""},"class_list":["post-3083","page","type-page","status-publish","hentry"],"_links":{"self":[{"href":"https:\/\/uniconciencia.com\/index.php?rest_route=\/wp\/v2\/pages\/3083","targetHints":{"allow":["GET"]}}],"collection":[{"href":"https:\/\/uniconciencia.com\/index.php?rest_route=\/wp\/v2\/pages"}],"about":[{"href":"https:\/\/uniconciencia.com\/index.php?rest_route=\/wp\/v2\/types\/page"}],"author":[{"embeddable":true,"href":"https:\/\/uniconciencia.com\/index.php?rest_route=\/wp\/v2\/users\/1"}],"replies":[{"embeddable":true,"href":"https:\/\/uniconciencia.com\/index.php?rest_route=%2Fwp%2Fv2%2Fcomments&post=3083"}],"version-history":[{"count":0,"href":"https:\/\/uniconciencia.com\/index.php?rest_route=\/wp\/v2\/pages\/3083\/revisions"}],"wp:attachment":[{"href":"https:\/\/uniconciencia.com\/index.php?rest_route=%2Fwp%2Fv2%2Fmedia&parent=3083"}],"curies":[{"name":"wp","href":"https:\/\/api.w.org\/{rel}","templated":true}]}}