{"id":22114,"date":"2023-01-16T18:16:02","date_gmt":"2023-01-16T18:16:02","guid":{"rendered":"https:\/\/uniconciencia.com\/?page_id=22114"},"modified":"2024-12-12T20:21:01","modified_gmt":"2024-12-12T20:21:01","slug":"reto-reset-5-minutos-para-vos","status":"publish","type":"page","link":"https:\/\/uniconciencia.com\/?page_id=22114","title":{"rendered":"RETO EN SILLA | 5 MINUTOS PARA VOS!"},"content":{"rendered":"\t\t<div data-elementor-type=\"wp-page\" data-elementor-id=\"22114\" class=\"elementor elementor-22114\">\n\t\t\t\t\t\t<section class=\"elementor-section elementor-top-section elementor-element elementor-element-076edd6 elementor-section-boxed elementor-section-height-default elementor-section-height-default elementor-invisible\" data-id=\"076edd6\" data-element_type=\"section\" data-e-type=\"section\" data-settings=\"{&quot;animation&quot;:&quot;pulse&quot;}\">\n\t\t\t\t\t\t<div class=\"elementor-container elementor-column-gap-default\">\n\t\t\t\t\t<div class=\"elementor-column elementor-col-100 elementor-top-column elementor-element elementor-element-5110766\" data-id=\"5110766\" data-element_type=\"column\" data-e-type=\"column\">\n\t\t\t<div class=\"elementor-widget-wrap elementor-element-populated\">\n\t\t\t\t\t\t<div class=\"elementor-element elementor-element-3285ed6 elementor-widget elementor-widget-image\" data-id=\"3285ed6\" data-element_type=\"widget\" data-e-type=\"widget\" data-widget_type=\"image.default\">\n\t\t\t\t<div class=\"elementor-widget-container\">\n\t\t\t\t\t\t\t\t\t\t\t\t\t\t\t<img fetchpriority=\"high\" decoding=\"async\" width=\"1024\" height=\"576\" src=\"https:\/\/uniconciencia.com\/wp-content\/uploads\/2023\/02\/Presentacion-corporativa-profesional-para-startup-elegante-fondo-fotografico-verde-turquesa-2-1024x576.jpg\" class=\"attachment-large size-large wp-image-22534\" alt=\"\" srcset=\"https:\/\/uniconciencia.com\/wp-content\/uploads\/2023\/02\/Presentacion-corporativa-profesional-para-startup-elegante-fondo-fotografico-verde-turquesa-2-1024x576.jpg 1024w, https:\/\/uniconciencia.com\/wp-content\/uploads\/2023\/02\/Presentacion-corporativa-profesional-para-startup-elegante-fondo-fotografico-verde-turquesa-2-300x169.jpg 300w, https:\/\/uniconciencia.com\/wp-content\/uploads\/2023\/02\/Presentacion-corporativa-profesional-para-startup-elegante-fondo-fotografico-verde-turquesa-2-768x432.jpg 768w, https:\/\/uniconciencia.com\/wp-content\/uploads\/2023\/02\/Presentacion-corporativa-profesional-para-startup-elegante-fondo-fotografico-verde-turquesa-2-1536x864.jpg 1536w, https:\/\/uniconciencia.com\/wp-content\/uploads\/2023\/02\/Presentacion-corporativa-profesional-para-startup-elegante-fondo-fotografico-verde-turquesa-2-600x338.jpg 600w, https:\/\/uniconciencia.com\/wp-content\/uploads\/2023\/02\/Presentacion-corporativa-profesional-para-startup-elegante-fondo-fotografico-verde-turquesa-2.jpg 1920w\" sizes=\"(max-width: 1024px) 100vw, 1024px\" \/>\t\t\t\t\t\t\t\t\t\t\t\t\t\t\t<\/div>\n\t\t\t\t<\/div>\n\t\t\t\t\t<\/div>\n\t\t<\/div>\n\t\t\t\t\t<\/div>\n\t\t<\/section>\n\t\t\t\t<section class=\"elementor-section elementor-top-section elementor-element elementor-element-c3e9d09 elementor-section-boxed elementor-section-height-default elementor-section-height-default\" data-id=\"c3e9d09\" data-element_type=\"section\" data-e-type=\"section\">\n\t\t\t\t\t\t<div class=\"elementor-container elementor-column-gap-default\">\n\t\t\t\t\t<div class=\"elementor-column elementor-col-100 elementor-top-column elementor-element elementor-element-637b4ab\" data-id=\"637b4ab\" data-element_type=\"column\" data-e-type=\"column\">\n\t\t\t<div class=\"elementor-widget-wrap elementor-element-populated\">\n\t\t\t\t\t\t<div class=\"elementor-element elementor-element-1c10b19 elementor-invisible elementor-widget elementor-widget-heading\" data-id=\"1c10b19\" data-element_type=\"widget\" data-e-type=\"widget\" data-settings=\"{&quot;_animation&quot;:&quot;pulse&quot;}\" data-widget_type=\"heading.default\">\n\t\t\t\t<div class=\"elementor-widget-container\">\n\t\t\t\t\t<h2 class=\"elementor-heading-title elementor-size-default\">Es el momento de poner <br>Tu Atenci\u00f3n en VOS.<\/h2>\t\t\t\t<\/div>\n\t\t\t\t<\/div>\n\t\t\t\t\t<\/div>\n\t\t<\/div>\n\t\t\t\t\t<\/div>\n\t\t<\/section>\n\t\t\t\t<section class=\"elementor-section elementor-top-section elementor-element elementor-element-9e47605 elementor-section-boxed elementor-section-height-default elementor-section-height-default\" data-id=\"9e47605\" data-element_type=\"section\" data-e-type=\"section\">\n\t\t\t\t\t\t<div class=\"elementor-container elementor-column-gap-default\">\n\t\t\t\t\t<div class=\"elementor-column elementor-col-50 elementor-top-column elementor-element elementor-element-30c1082\" data-id=\"30c1082\" data-element_type=\"column\" data-e-type=\"column\">\n\t\t\t<div class=\"elementor-widget-wrap\">\n\t\t\t\t\t\t\t<\/div>\n\t\t<\/div>\n\t\t\t\t<div class=\"elementor-column elementor-col-50 elementor-top-column elementor-element elementor-element-db05cee\" data-id=\"db05cee\" data-element_type=\"column\" data-e-type=\"column\">\n\t\t\t<div class=\"elementor-widget-wrap elementor-element-populated\">\n\t\t\t\t\t\t<div class=\"elementor-element elementor-element-c04a904 elementor-align-center elementor-invisible elementor-widget elementor-widget-button\" data-id=\"c04a904\" data-element_type=\"widget\" data-e-type=\"widget\" data-settings=\"{&quot;_animation&quot;:&quot;pulse&quot;}\" data-widget_type=\"button.default\">\n\t\t\t\t<div class=\"elementor-widget-container\">\n\t\t\t\t\t\t\t\t\t<div class=\"elementor-button-wrapper\">\n\t\t\t\t\t<a class=\"elementor-button elementor-button-link elementor-size-sm\" href=\"https:\/\/bit.ly\/CandelaGarcia\">\n\t\t\t\t\t\t<span class=\"elementor-button-content-wrapper\">\n\t\t\t\t\t\t<span class=\"elementor-button-icon\">\n\t\t\t\t<i aria-hidden=\"true\" class=\"fab fa-whatsapp\"><\/i>\t\t\t<\/span>\n\t\t\t\t\t\t\t\t\t<span class=\"elementor-button-text\">M\u00e1s Info <\/span>\n\t\t\t\t\t<\/span>\n\t\t\t\t\t<\/a>\n\t\t\t\t<\/div>\n\t\t\t\t\t\t\t\t<\/div>\n\t\t\t\t<\/div>\n\t\t\t\t<div class=\"elementor-element elementor-element-a943347 elementor-invisible elementor-widget elementor-widget-image\" data-id=\"a943347\" data-element_type=\"widget\" data-e-type=\"widget\" data-settings=\"{&quot;_animation&quot;:&quot;pulse&quot;}\" data-widget_type=\"image.default\">\n\t\t\t\t<div class=\"elementor-widget-container\">\n\t\t\t\t\t\t\t\t\t\t\t\t\t\t\t<img decoding=\"async\" width=\"768\" height=\"768\" src=\"https:\/\/uniconciencia.com\/wp-content\/uploads\/2023\/02\/Post-para-Instagram-Reto-Deportivo-Minimalista-Gris-2-768x768.png\" class=\"attachment-medium_large size-medium_large wp-image-22533\" alt=\"\" srcset=\"https:\/\/uniconciencia.com\/wp-content\/uploads\/2023\/02\/Post-para-Instagram-Reto-Deportivo-Minimalista-Gris-2-768x768.png 768w, https:\/\/uniconciencia.com\/wp-content\/uploads\/2023\/02\/Post-para-Instagram-Reto-Deportivo-Minimalista-Gris-2-300x300.png 300w, https:\/\/uniconciencia.com\/wp-content\/uploads\/2023\/02\/Post-para-Instagram-Reto-Deportivo-Minimalista-Gris-2-1024x1024.png 1024w, https:\/\/uniconciencia.com\/wp-content\/uploads\/2023\/02\/Post-para-Instagram-Reto-Deportivo-Minimalista-Gris-2-150x150.png 150w, https:\/\/uniconciencia.com\/wp-content\/uploads\/2023\/02\/Post-para-Instagram-Reto-Deportivo-Minimalista-Gris-2-600x600.png 600w, https:\/\/uniconciencia.com\/wp-content\/uploads\/2023\/02\/Post-para-Instagram-Reto-Deportivo-Minimalista-Gris-2-100x100.png 100w, https:\/\/uniconciencia.com\/wp-content\/uploads\/2023\/02\/Post-para-Instagram-Reto-Deportivo-Minimalista-Gris-2.png 1080w\" sizes=\"(max-width: 768px) 100vw, 768px\" \/>\t\t\t\t\t\t\t\t\t\t\t\t\t\t\t<\/div>\n\t\t\t\t<\/div>\n\t\t\t\t\t<\/div>\n\t\t<\/div>\n\t\t\t\t\t<\/div>\n\t\t<\/section>\n\t\t\t\t<section class=\"elementor-section elementor-top-section elementor-element elementor-element-ebda3b6 elementor-section-boxed elementor-section-height-default elementor-section-height-default\" data-id=\"ebda3b6\" data-element_type=\"section\" data-e-type=\"section\">\n\t\t\t\t\t\t<div class=\"elementor-container elementor-column-gap-default\">\n\t\t\t\t\t<div class=\"elementor-column elementor-col-100 elementor-top-column elementor-element elementor-element-fd0cd8c\" data-id=\"fd0cd8c\" data-element_type=\"column\" data-e-type=\"column\">\n\t\t\t<div class=\"elementor-widget-wrap elementor-element-populated\">\n\t\t\t\t\t\t<div class=\"elementor-element elementor-element-410f695 elementor-invisible elementor-widget elementor-widget-heading\" data-id=\"410f695\" data-element_type=\"widget\" data-e-type=\"widget\" data-settings=\"{&quot;_animation&quot;:&quot;pulse&quot;}\" data-widget_type=\"heading.default\">\n\t\t\t\t<div class=\"elementor-widget-container\">\n\t\t\t\t\t<h2 class=\"elementor-heading-title elementor-size-default\">El intercambio es UN PAGO DE $ 19.900 Pesos Argentinos  <\/h2>\t\t\t\t<\/div>\n\t\t\t\t<\/div>\n\t\t\t\t\t<\/div>\n\t\t<\/div>\n\t\t\t\t\t<\/div>\n\t\t<\/section>\n\t\t\t\t<section class=\"elementor-section elementor-top-section elementor-element elementor-element-52132c4 elementor-section-boxed elementor-section-height-default elementor-section-height-default\" data-id=\"52132c4\" data-element_type=\"section\" data-e-type=\"section\">\n\t\t\t\t\t\t\t<div class=\"elementor-background-overlay\"><\/div>\n\t\t\t\t\t\t\t<div class=\"elementor-container elementor-column-gap-default\">\n\t\t\t\t\t<div class=\"elementor-column elementor-col-100 elementor-top-column elementor-element elementor-element-1c7e3aa\" data-id=\"1c7e3aa\" data-element_type=\"column\" data-e-type=\"column\">\n\t\t\t<div class=\"elementor-widget-wrap elementor-element-populated\">\n\t\t\t\t\t\t<div class=\"elementor-element elementor-element-35fae0f elementor-widget elementor-widget-heading\" data-id=\"35fae0f\" data-element_type=\"widget\" data-e-type=\"widget\" data-widget_type=\"heading.default\">\n\t\t\t\t<div class=\"elementor-widget-container\">\n\t\t\t\t\t<h2 class=\"elementor-heading-title elementor-size-default\">RETO EN SILLA | 5 MINUTOS PARA VOS! <br><br>\n\nTODO EL CONTENIDO SE ENVIA POR WHATSAPP<br><br>\n\n Recib\u00eds 5 Videos breves con la pr\u00e1ctica  de Movimiento Consciente en Silla para Despertar, Aliviar, Activar, Drenar y Energizar todo t\u00fa cuerpo. <br><br>\n\nSIN HORARIO FIJO. Vos los haces y escuchas cuando quer\u00e9s! Y te quedan para siempre. TODOS LOS VIDEOS YA EST\u00c1N GRABADOS.<br><br> \n Tambien recib\u00eds un Audio con una breve pr\u00e1ctica de Meditaci\u00f3n enfocada en un ejercicio de Respiraci\u00f3n Consciente (pranayama). Para oxigenar t\u00fa mente y llenarte de Energ\u00eda claridad el resto de tu d\u00eda . <br><br> \nEl intercambio es de $ 19.900 Pesos Argentinos o $ 20 D\u00f3lares. <br><br>\n\n\n\n   <\/h2>\t\t\t\t<\/div>\n\t\t\t\t<\/div>\n\t\t\t\t\t<\/div>\n\t\t<\/div>\n\t\t\t\t\t<\/div>\n\t\t<\/section>\n\t\t\t\t<section class=\"elementor-section elementor-top-section elementor-element elementor-element-a4b13e9 elementor-section-boxed elementor-section-height-default elementor-section-height-default\" data-id=\"a4b13e9\" data-element_type=\"section\" data-e-type=\"section\">\n\t\t\t\t\t\t\t<div class=\"elementor-background-overlay\"><\/div>\n\t\t\t\t\t\t\t<div class=\"elementor-container elementor-column-gap-default\">\n\t\t\t\t\t<div class=\"elementor-column elementor-col-100 elementor-top-column elementor-element elementor-element-05a0909\" data-id=\"05a0909\" data-element_type=\"column\" data-e-type=\"column\" data-settings=\"{&quot;background_background&quot;:&quot;classic&quot;}\">\n\t\t\t<div class=\"elementor-widget-wrap elementor-element-populated\">\n\t\t\t\t\t<div class=\"elementor-background-overlay\"><\/div>\n\t\t\t\t\t\t<div class=\"elementor-element elementor-element-385df13 elementor-widget elementor-widget-heading\" data-id=\"385df13\" data-element_type=\"widget\" data-e-type=\"widget\" data-widget_type=\"heading.default\">\n\t\t\t\t<div class=\"elementor-widget-container\">\n\t\t\t\t\t<h2 class=\"elementor-heading-title elementor-size-default\">No se necesita experiencia previa<\/h2>\t\t\t\t<\/div>\n\t\t\t\t<\/div>\n\t\t\t\t<div class=\"elementor-element elementor-element-4d2192e elementor-widget elementor-widget-heading\" data-id=\"4d2192e\" data-element_type=\"widget\" data-e-type=\"widget\" data-widget_type=\"heading.default\">\n\t\t\t\t<div class=\"elementor-widget-container\">\n\t\t\t\t\t<h2 class=\"elementor-heading-title elementor-size-default\">Intercambio total del Reto 5 D\u00edas\n<\/h2>\t\t\t\t<\/div>\n\t\t\t\t<\/div>\n\t\t\t\t<div class=\"elementor-element elementor-element-2e1916b elementor-widget elementor-widget-heading\" data-id=\"2e1916b\" data-element_type=\"widget\" data-e-type=\"widget\" data-widget_type=\"heading.default\">\n\t\t\t\t<div class=\"elementor-widget-container\">\n\t\t\t\t\t<h2 class=\"elementor-heading-title elementor-size-default\"><font>ARS $ 19.900<\/font><\/h2>\t\t\t\t<\/div>\n\t\t\t\t<\/div>\n\t\t\t\t\t<\/div>\n\t\t<\/div>\n\t\t\t\t\t<\/div>\n\t\t<\/section>\n\t\t\t\t<section class=\"elementor-section elementor-top-section elementor-element elementor-element-605c67c elementor-section-boxed elementor-section-height-default elementor-section-height-default\" data-id=\"605c67c\" data-element_type=\"section\" data-e-type=\"section\" data-settings=\"{&quot;background_background&quot;:&quot;classic&quot;}\">\n\t\t\t\t\t\t<div class=\"elementor-container elementor-column-gap-default\">\n\t\t\t\t\t<div class=\"elementor-column elementor-col-100 elementor-top-column elementor-element elementor-element-163a6aa\" data-id=\"163a6aa\" data-element_type=\"column\" data-e-type=\"column\">\n\t\t\t<div class=\"elementor-widget-wrap elementor-element-populated\">\n\t\t\t\t\t\t<div class=\"elementor-element elementor-element-eeb5833 elementor-invisible elementor-widget elementor-widget-heading\" data-id=\"eeb5833\" data-element_type=\"widget\" data-e-type=\"widget\" data-settings=\"{&quot;_animation&quot;:&quot;pulse&quot;}\" data-widget_type=\"heading.default\">\n\t\t\t\t<div class=\"elementor-widget-container\">\n\t\t\t\t\t<h4 class=\"elementor-heading-title elementor-size-default\">Podes SUMARTE Ahora Mismo!<\/h4>\t\t\t\t<\/div>\n\t\t\t\t<\/div>\n\t\t\t\t<div class=\"elementor-element elementor-element-b2964e9 elementor-align-center elementor-widget elementor-widget-button\" data-id=\"b2964e9\" data-element_type=\"widget\" data-e-type=\"widget\" data-widget_type=\"button.default\">\n\t\t\t\t<div class=\"elementor-widget-container\">\n\t\t\t\t\t\t\t\t\t<div class=\"elementor-button-wrapper\">\n\t\t\t\t\t<a class=\"elementor-button elementor-button-link elementor-size-sm\" href=\"https:\/\/mpago.la\/2DnpnjA\">\n\t\t\t\t\t\t<span class=\"elementor-button-content-wrapper\">\n\t\t\t\t\t\t\t\t\t<span class=\"elementor-button-text\">COMPRAR AHORA<\/span>\n\t\t\t\t\t<\/span>\n\t\t\t\t\t<\/a>\n\t\t\t\t<\/div>\n\t\t\t\t\t\t\t\t<\/div>\n\t\t\t\t<\/div>\n\t\t\t\t<div class=\"elementor-element elementor-element-6ecf226 elementor-widget elementor-widget-heading\" data-id=\"6ecf226\" data-element_type=\"widget\" data-e-type=\"widget\" data-widget_type=\"heading.default\">\n\t\t\t\t<div class=\"elementor-widget-container\">\n\t\t\t\t\t<h2 class=\"elementor-heading-title elementor-size-default\">Luego de hacer el pago es indispensable que te pongas en contacto con nosotros haciendo click en el bot\u00f3n <br> a continuaci\u00f3n para que podamos enviarte el acceso al Reto. Muchas Gracias!<\/h2>\t\t\t\t<\/div>\n\t\t\t\t<\/div>\n\t\t\t\t<div class=\"elementor-element elementor-element-057b0db elementor-button-info elementor-align-center elementor-mobile-align-center elementor-widget elementor-widget-button\" data-id=\"057b0db\" data-element_type=\"widget\" data-e-type=\"widget\" data-widget_type=\"button.default\">\n\t\t\t\t<div class=\"elementor-widget-container\">\n\t\t\t\t\t\t\t\t\t<div class=\"elementor-button-wrapper\">\n\t\t\t\t\t<a class=\"elementor-button elementor-button-link elementor-size-md\" href=\"https:\/\/bit.ly\/CandelaGarcia\">\n\t\t\t\t\t\t<span class=\"elementor-button-content-wrapper\">\n\t\t\t\t\t\t<span class=\"elementor-button-icon\">\n\t\t\t\t<i aria-hidden=\"true\" class=\"fab fa-whatsapp\"><\/i>\t\t\t<\/span>\n\t\t\t\t\t\t\t\t\t<span class=\"elementor-button-text\">Envio de Comprobante<\/span>\n\t\t\t\t\t<\/span>\n\t\t\t\t\t<\/a>\n\t\t\t\t<\/div>\n\t\t\t\t\t\t\t\t<\/div>\n\t\t\t\t<\/div>\n\t\t\t\t\t<\/div>\n\t\t<\/div>\n\t\t\t\t\t<\/div>\n\t\t<\/section>\n\t\t\t\t<section class=\"elementor-section elementor-top-section elementor-element elementor-element-5750d0c elementor-section-boxed elementor-section-height-default elementor-section-height-default\" data-id=\"5750d0c\" data-element_type=\"section\" data-e-type=\"section\">\n\t\t\t\t\t\t<div class=\"elementor-container elementor-column-gap-default\">\n\t\t\t\t\t<div class=\"elementor-column elementor-col-100 elementor-top-column elementor-element elementor-element-99ac38a\" data-id=\"99ac38a\" data-element_type=\"column\" data-e-type=\"column\">\n\t\t\t<div class=\"elementor-widget-wrap elementor-element-populated\">\n\t\t\t\t\t\t<div class=\"elementor-element elementor-element-ba13be7 elementor-widget elementor-widget-spacer\" data-id=\"ba13be7\" data-element_type=\"widget\" data-e-type=\"widget\" data-widget_type=\"spacer.default\">\n\t\t\t\t<div class=\"elementor-widget-container\">\n\t\t\t\t\t\t\t<div class=\"elementor-spacer\">\n\t\t\t<div class=\"elementor-spacer-inner\"><\/div>\n\t\t<\/div>\n\t\t\t\t\t\t<\/div>\n\t\t\t\t<\/div>\n\t\t\t\t\t<\/div>\n\t\t<\/div>\n\t\t\t\t\t<\/div>\n\t\t<\/section>\n\t\t\t\t<section class=\"elementor-section elementor-top-section elementor-element elementor-element-5311d37 elementor-section-boxed elementor-section-height-default elementor-section-height-default\" data-id=\"5311d37\" data-element_type=\"section\" data-e-type=\"section\">\n\t\t\t\t\t\t<div class=\"elementor-container elementor-column-gap-default\">\n\t\t\t\t\t<div class=\"elementor-column elementor-col-100 elementor-top-column elementor-element elementor-element-6d9925a\" data-id=\"6d9925a\" data-element_type=\"column\" data-e-type=\"column\">\n\t\t\t<div class=\"elementor-widget-wrap elementor-element-populated\">\n\t\t\t\t\t\t<div class=\"elementor-element elementor-element-32b8f09 elementor-widget elementor-widget-heading\" data-id=\"32b8f09\" data-element_type=\"widget\" data-e-type=\"widget\" data-widget_type=\"heading.default\">\n\t\t\t\t<div class=\"elementor-widget-container\">\n\t\t\t\t\t<h2 class=\"elementor-heading-title elementor-size-default\">Te invitamos a un paseo por mis Redes sociales<\/h2>\t\t\t\t<\/div>\n\t\t\t\t<\/div>\n\t\t\t\t\t<\/div>\n\t\t<\/div>\n\t\t\t\t\t<\/div>\n\t\t<\/section>\n\t\t\t\t<section class=\"elementor-section elementor-top-section elementor-element elementor-element-4f4ac0e elementor-section-boxed elementor-section-height-default elementor-section-height-default\" data-id=\"4f4ac0e\" data-element_type=\"section\" data-e-type=\"section\">\n\t\t\t\t\t\t<div class=\"elementor-container elementor-column-gap-default\">\n\t\t\t\t\t<div class=\"elementor-column elementor-col-100 elementor-top-column elementor-element elementor-element-4d04c77\" data-id=\"4d04c77\" data-element_type=\"column\" data-e-type=\"column\">\n\t\t\t<div class=\"elementor-widget-wrap elementor-element-populated\">\n\t\t\t\t\t\t<div class=\"elementor-element elementor-element-db108a1 elementor-shape-circle elementor-grid-0 e-grid-align-center elementor-widget elementor-widget-social-icons\" data-id=\"db108a1\" data-element_type=\"widget\" data-e-type=\"widget\" data-widget_type=\"social-icons.default\">\n\t\t\t\t<div class=\"elementor-widget-container\">\n\t\t\t\t\t\t\t<div class=\"elementor-social-icons-wrapper elementor-grid\" role=\"list\">\n\t\t\t\t\t\t\t<span class=\"elementor-grid-item\" role=\"listitem\">\n\t\t\t\t\t<a class=\"elementor-icon elementor-social-icon elementor-social-icon-facebook elementor-animation-grow elementor-repeater-item-1fba67d\" href=\"https:\/\/www.facebook.com\/candygarciaconciencia\" target=\"_blank\">\n\t\t\t\t\t\t<span class=\"elementor-screen-only\">Facebook<\/span>\n\t\t\t\t\t\t<i aria-hidden=\"true\" class=\"fab fa-facebook\"><\/i>\t\t\t\t\t<\/a>\n\t\t\t\t<\/span>\n\t\t\t\t\t\t\t<span class=\"elementor-grid-item\" role=\"listitem\">\n\t\t\t\t\t<a class=\"elementor-icon elementor-social-icon elementor-social-icon-instagram elementor-animation-grow elementor-repeater-item-6b991cd\" href=\"https:\/\/www.instagram.com\/candygarciaa\" target=\"_blank\">\n\t\t\t\t\t\t<span class=\"elementor-screen-only\">Instagram<\/span>\n\t\t\t\t\t\t<i aria-hidden=\"true\" class=\"fab fa-instagram\"><\/i>\t\t\t\t\t<\/a>\n\t\t\t\t<\/span>\n\t\t\t\t\t\t\t<span class=\"elementor-grid-item\" role=\"listitem\">\n\t\t\t\t\t<a class=\"elementor-icon elementor-social-icon elementor-social-icon-youtube elementor-animation-grow elementor-repeater-item-7505834\" href=\"https:\/\/www.youtube.com\/channel\/UCyu_oYRBAx1fM8uIpAFjcYg?view_as=subscriber\" target=\"_blank\">\n\t\t\t\t\t\t<span class=\"elementor-screen-only\">Youtube<\/span>\n\t\t\t\t\t\t<i aria-hidden=\"true\" class=\"fab fa-youtube\"><\/i>\t\t\t\t\t<\/a>\n\t\t\t\t<\/span>\n\t\t\t\t\t<\/div>\n\t\t\t\t\t\t<\/div>\n\t\t\t\t<\/div>\n\t\t\t\t\t<\/div>\n\t\t<\/div>\n\t\t\t\t\t<\/div>\n\t\t<\/section>\n\t\t\t\t<\/div>\n\t\t","protected":false},"excerpt":{"rendered":"<p>Es el momento de poner Tu Atenci\u00f3n en VOS. M\u00e1s Info El intercambio es UN PAGO DE $ 19.900 Pesos Argentinos RETO EN SILLA | 5 MINUTOS PARA VOS! TODO EL CONTENIDO SE ENVIA POR WHATSAPP Recib\u00eds 5 Videos breves con la pr\u00e1ctica de Movimiento Consciente en Silla para Despertar, Aliviar, Activar, Drenar y Energizar [&hellip;]<\/p>\n","protected":false},"author":1,"featured_media":0,"parent":0,"menu_order":0,"comment_status":"closed","ping_status":"closed","template":"","meta":{"site-sidebar-layout":"no-sidebar","site-content-layout":"page-builder","ast-site-content-layout":"default","site-content-style":"default","site-sidebar-style":"default","ast-global-header-display":"","ast-banner-title-visibility":"","ast-main-header-display":"","ast-hfb-above-header-display":"","ast-hfb-below-header-display":"","ast-hfb-mobile-header-display":"","site-post-title":"disabled","ast-breadcrumbs-content":"","ast-featured-img":"disabled","footer-sml-layout":"","ast-disable-related-posts":"","theme-transparent-header-meta":"default","adv-header-id-meta":"","stick-header-meta":"","header-above-stick-meta":"","header-main-stick-meta":"","header-below-stick-meta":"","astra-migrate-meta-layouts":"default","ast-page-background-enabled":"default","ast-page-background-meta":{"desktop":{"background-color":"","background-image":"","background-repeat":"repeat","background-position":"center center","background-size":"auto","background-attachment":"scroll","background-type":"","background-media":"","overlay-type":"","overlay-color":"","overlay-opacity":"","overlay-gradient":""},"tablet":{"background-color":"","background-image":"","background-repeat":"repeat","background-position":"center center","background-size":"auto","background-attachment":"scroll","background-type":"","background-media":"","overlay-type":"","overlay-color":"","overlay-opacity":"","overlay-gradient":""},"mobile":{"background-color":"","background-image":"","background-repeat":"repeat","background-position":"center center","background-size":"auto","background-attachment":"scroll","background-type":"","background-media":"","overlay-type":"","overlay-color":"","overlay-opacity":"","overlay-gradient":""}},"ast-content-background-meta":{"desktop":{"background-color":"var(--ast-global-color-5)","background-image":"","background-repeat":"repeat","background-position":"center center","background-size":"auto","background-attachment":"scroll","background-type":"","background-media":"","overlay-type":"","overlay-color":"","overlay-opacity":"","overlay-gradient":""},"tablet":{"background-color":"var(--ast-global-color-5)","background-image":"","background-repeat":"repeat","background-position":"center center","background-size":"auto","background-attachment":"scroll","background-type":"","background-media":"","overlay-type":"","overlay-color":"","overlay-opacity":"","overlay-gradient":""},"mobile":{"background-color":"var(--ast-global-color-5)","background-image":"","background-repeat":"repeat","background-position":"center center","background-size":"auto","background-attachment":"scroll","background-type":"","background-media":"","overlay-type":"","overlay-color":"","overlay-opacity":"","overlay-gradient":""}},"footnotes":""},"class_list":["post-22114","page","type-page","status-publish","hentry"],"_links":{"self":[{"href":"https:\/\/uniconciencia.com\/index.php?rest_route=\/wp\/v2\/pages\/22114","targetHints":{"allow":["GET"]}}],"collection":[{"href":"https:\/\/uniconciencia.com\/index.php?rest_route=\/wp\/v2\/pages"}],"about":[{"href":"https:\/\/uniconciencia.com\/index.php?rest_route=\/wp\/v2\/types\/page"}],"author":[{"embeddable":true,"href":"https:\/\/uniconciencia.com\/index.php?rest_route=\/wp\/v2\/users\/1"}],"replies":[{"embeddable":true,"href":"https:\/\/uniconciencia.com\/index.php?rest_route=%2Fwp%2Fv2%2Fcomments&post=22114"}],"version-history":[{"count":11,"href":"https:\/\/uniconciencia.com\/index.php?rest_route=\/wp\/v2\/pages\/22114\/revisions"}],"predecessor-version":[{"id":30206,"href":"https:\/\/uniconciencia.com\/index.php?rest_route=\/wp\/v2\/pages\/22114\/revisions\/30206"}],"wp:attachment":[{"href":"https:\/\/uniconciencia.com\/index.php?rest_route=%2Fwp%2Fv2%2Fmedia&parent=22114"}],"curies":[{"name":"wp","href":"https:\/\/api.w.org\/{rel}","templated":true}]}}