{"id":1664,"date":"2020-06-26T00:38:08","date_gmt":"2020-06-26T00:38:08","guid":{"rendered":"https:\/\/uniconciencia.com\/?page_id=1664"},"modified":"2020-12-01T21:09:55","modified_gmt":"2020-12-01T21:09:55","slug":"libros","status":"publish","type":"page","link":"https:\/\/uniconciencia.com\/?page_id=1664","title":{"rendered":"Libros"},"content":{"rendered":"\t\t<div data-elementor-type=\"wp-page\" data-elementor-id=\"1664\" class=\"elementor elementor-1664\">\n\t\t\t\t\t\t<section class=\"elementor-section elementor-top-section elementor-element elementor-element-36d8dc74 elementor-section-content-middle elementor-section-boxed elementor-section-height-default elementor-section-height-default\" data-id=\"36d8dc74\" data-element_type=\"section\" data-e-type=\"section\" data-settings=\"{&quot;background_background&quot;:&quot;classic&quot;}\">\n\t\t\t\t\t\t\t<div class=\"elementor-background-overlay\"><\/div>\n\t\t\t\t\t\t\t<div class=\"elementor-container elementor-column-gap-no\">\n\t\t\t\t\t<div class=\"elementor-column elementor-col-100 elementor-top-column elementor-element elementor-element-1f1f9e37\" data-id=\"1f1f9e37\" data-element_type=\"column\" data-e-type=\"column\">\n\t\t\t<div class=\"elementor-widget-wrap elementor-element-populated\">\n\t\t\t\t\t\t<div class=\"elementor-element elementor-element-10a20966 elementor-widget elementor-widget-heading\" data-id=\"10a20966\" data-element_type=\"widget\" data-e-type=\"widget\" data-widget_type=\"heading.default\">\n\t\t\t\t<div class=\"elementor-widget-container\">\n\t\t\t\t\t<h4 class=\"elementor-heading-title elementor-size-default\">Nuestros Libros<\/h4>\t\t\t\t<\/div>\n\t\t\t\t<\/div>\n\t\t\t\t<div class=\"elementor-element elementor-element-4ae715d elementor-widget elementor-widget-heading\" data-id=\"4ae715d\" data-element_type=\"widget\" data-e-type=\"widget\" data-widget_type=\"heading.default\">\n\t\t\t\t<div class=\"elementor-widget-container\">\n\t\t\t\t\t<h5 class=\"elementor-heading-title elementor-size-default\">universidad conciencia<\/h5>\t\t\t\t<\/div>\n\t\t\t\t<\/div>\n\t\t\t\t\t<\/div>\n\t\t<\/div>\n\t\t\t\t\t<\/div>\n\t\t<\/section>\n\t\t\t\t<section class=\"elementor-section elementor-top-section elementor-element elementor-element-65a3bc6 elementor-section-boxed elementor-section-height-default elementor-section-height-default\" data-id=\"65a3bc6\" data-element_type=\"section\" data-e-type=\"section\">\n\t\t\t\t\t\t<div class=\"elementor-container elementor-column-gap-default\">\n\t\t\t\t\t<div class=\"elementor-column elementor-col-33 elementor-top-column elementor-element elementor-element-9fb76f3\" data-id=\"9fb76f3\" data-element_type=\"column\" data-e-type=\"column\">\n\t\t\t<div class=\"elementor-widget-wrap elementor-element-populated\">\n\t\t\t\t\t\t<div class=\"elementor-element elementor-element-ea7ae4a elementor-widget elementor-widget-image\" data-id=\"ea7ae4a\" data-element_type=\"widget\" data-e-type=\"widget\" data-widget_type=\"image.default\">\n\t\t\t\t<div class=\"elementor-widget-container\">\n\t\t\t\t\t\t\t\t\t\t\t\t\t\t\t<img fetchpriority=\"high\" decoding=\"async\" width=\"500\" height=\"500\" src=\"https:\/\/uniconciencia.com\/wp-content\/uploads\/2020\/11\/World-Intellectual-PropertyDay-1-removebg-preview-1.png\" class=\"attachment-large size-large wp-image-4361\" alt=\"\" srcset=\"https:\/\/uniconciencia.com\/wp-content\/uploads\/2020\/11\/World-Intellectual-PropertyDay-1-removebg-preview-1.png 500w, https:\/\/uniconciencia.com\/wp-content\/uploads\/2020\/11\/World-Intellectual-PropertyDay-1-removebg-preview-1-300x300.png 300w, https:\/\/uniconciencia.com\/wp-content\/uploads\/2020\/11\/World-Intellectual-PropertyDay-1-removebg-preview-1-150x150.png 150w, https:\/\/uniconciencia.com\/wp-content\/uploads\/2020\/11\/World-Intellectual-PropertyDay-1-removebg-preview-1-100x100.png 100w\" sizes=\"(max-width: 500px) 100vw, 500px\" \/>\t\t\t\t\t\t\t\t\t\t\t\t\t\t\t<\/div>\n\t\t\t\t<\/div>\n\t\t\t\t<div class=\"elementor-element elementor-element-b86f1f9 elementor-widget elementor-widget-heading\" data-id=\"b86f1f9\" data-element_type=\"widget\" data-e-type=\"widget\" data-widget_type=\"heading.default\">\n\t\t\t\t<div class=\"elementor-widget-container\">\n\t\t\t\t\t<h2 class=\"elementor-heading-title elementor-size-default\">DESPERTAR DE LA MATRIX.\nAutor: Sergio Gasparini\n<\/h2>\t\t\t\t<\/div>\n\t\t\t\t<\/div>\n\t\t\t\t<div class=\"elementor-element elementor-element-86b759f elementor-widget elementor-widget-text-editor\" data-id=\"86b759f\" data-element_type=\"widget\" data-e-type=\"widget\" data-widget_type=\"text-editor.default\">\n\t\t\t\t<div class=\"elementor-widget-container\">\n\t\t\t\t\t\t\t\t\t<p>La matrix es un programa perfecto que est\u00e1 en absoluta sincron\u00eda para llevar a cabo los fines que te propusiste antes de venir a experimentarla.\u00a0<\/p><p><span style=\"font-size: 15px;\">Todo lo que percib\u00eds en ella es neutral, y est\u00e1 siendo proyectado desde tu mente inconsciente. Sos vos mismo quien le otorga el significado a cada suceso desde tu propia subjetividad. Ese significado que le est\u00e1s dando a todo lo que ves, es lo que est\u00e1 determinando las experiencias que est\u00e1s viviendo.<\/span><\/p><p>Despertar de la Matrix es poder llegar a comprender esos programas mentales para no caer continuamente en estados de conflicto, sufrimiento y enfermedad. Poder comprenderlos y trascenderlos es regresar al estado primordial de Amor incondicional que cada uno es en esencia.<\/p><p>Este libro incluye un sistema de c\u00f3digo QR mediante el cual se pueden hacer pr\u00e1cticas de meditaciones interactivas desde cualquier dispositivo m\u00f3vil.<\/p><p>\u00a0<\/p>\t\t\t\t\t\t\t\t<\/div>\n\t\t\t\t<\/div>\n\t\t\t\t\t<\/div>\n\t\t<\/div>\n\t\t\t\t<div class=\"elementor-column elementor-col-33 elementor-top-column elementor-element elementor-element-5835d57\" data-id=\"5835d57\" data-element_type=\"column\" data-e-type=\"column\">\n\t\t\t<div class=\"elementor-widget-wrap elementor-element-populated\">\n\t\t\t\t\t\t<div class=\"elementor-element elementor-element-4d74e11 elementor-widget elementor-widget-image\" data-id=\"4d74e11\" data-element_type=\"widget\" data-e-type=\"widget\" data-widget_type=\"image.default\">\n\t\t\t\t<div class=\"elementor-widget-container\">\n\t\t\t\t\t\t\t\t\t\t\t\t\t\t\t<img decoding=\"async\" width=\"800\" height=\"800\" src=\"https:\/\/uniconciencia.com\/wp-content\/uploads\/2020\/06\/World-Intellectual-PropertyDay-2.png\" class=\"attachment-large size-large wp-image-1775\" alt=\"\" srcset=\"https:\/\/uniconciencia.com\/wp-content\/uploads\/2020\/06\/World-Intellectual-PropertyDay-2.png 800w, https:\/\/uniconciencia.com\/wp-content\/uploads\/2020\/06\/World-Intellectual-PropertyDay-2-300x300.png 300w, https:\/\/uniconciencia.com\/wp-content\/uploads\/2020\/06\/World-Intellectual-PropertyDay-2-150x150.png 150w, https:\/\/uniconciencia.com\/wp-content\/uploads\/2020\/06\/World-Intellectual-PropertyDay-2-768x768.png 768w, https:\/\/uniconciencia.com\/wp-content\/uploads\/2020\/06\/World-Intellectual-PropertyDay-2-600x600.png 600w, https:\/\/uniconciencia.com\/wp-content\/uploads\/2020\/06\/World-Intellectual-PropertyDay-2-100x100.png 100w\" sizes=\"(max-width: 800px) 100vw, 800px\" \/>\t\t\t\t\t\t\t\t\t\t\t\t\t\t\t<\/div>\n\t\t\t\t<\/div>\n\t\t\t\t<div class=\"elementor-element elementor-element-38aea05 elementor-widget elementor-widget-heading\" data-id=\"38aea05\" data-element_type=\"widget\" data-e-type=\"widget\" data-widget_type=\"heading.default\">\n\t\t\t\t<div class=\"elementor-widget-container\">\n\t\t\t\t\t<h2 class=\"elementor-heading-title elementor-size-default\">VUELO M\u00c1GICO.\n\nAutor: Candela Garc\u00eda.\n<\/h2>\t\t\t\t<\/div>\n\t\t\t\t<\/div>\n\t\t\t\t<div class=\"elementor-element elementor-element-82f3a5e elementor-widget elementor-widget-text-editor\" data-id=\"82f3a5e\" data-element_type=\"widget\" data-e-type=\"widget\" data-widget_type=\"text-editor.default\">\n\t\t\t\t<div class=\"elementor-widget-container\">\n\t\t\t\t\t\t\t\t\t<p>\u00a0Un Cuento de YOGA. En esta divertida historia podemos acompa\u00f1ar a Coco y a su hermana Cata que se van con sus padres de viaje.<br \/>All\u00ed comienza una gran aventura!\u00a0Llena de personajes m\u00e1gicos qui\u00e9nes van compartiendo trucos de respiraci\u00f3n y relajaci\u00f3n, posturas de yoga y mas!<\/p><p>Es un cuento muy did\u00e1ctico que invita a recrearlo con los ni\u00f1os a medida que se va leyendo.<\/p><p>\u00a0<\/p>\t\t\t\t\t\t\t\t<\/div>\n\t\t\t\t<\/div>\n\t\t\t\t\t<\/div>\n\t\t<\/div>\n\t\t\t\t<div class=\"elementor-column elementor-col-33 elementor-top-column elementor-element elementor-element-62eb969\" data-id=\"62eb969\" data-element_type=\"column\" data-e-type=\"column\">\n\t\t\t<div class=\"elementor-widget-wrap elementor-element-populated\">\n\t\t\t\t\t\t<div class=\"elementor-element elementor-element-5106d53 elementor-widget elementor-widget-image\" data-id=\"5106d53\" data-element_type=\"widget\" data-e-type=\"widget\" data-widget_type=\"image.default\">\n\t\t\t\t<div class=\"elementor-widget-container\">\n\t\t\t\t\t\t\t\t\t\t\t\t\t\t\t<img decoding=\"async\" width=\"800\" height=\"800\" src=\"https:\/\/uniconciencia.com\/wp-content\/uploads\/2020\/06\/World-Intellectual-PropertyDay.png\" class=\"attachment-large size-large wp-image-1767\" alt=\"\" srcset=\"https:\/\/uniconciencia.com\/wp-content\/uploads\/2020\/06\/World-Intellectual-PropertyDay.png 800w, https:\/\/uniconciencia.com\/wp-content\/uploads\/2020\/06\/World-Intellectual-PropertyDay-300x300.png 300w, https:\/\/uniconciencia.com\/wp-content\/uploads\/2020\/06\/World-Intellectual-PropertyDay-150x150.png 150w, https:\/\/uniconciencia.com\/wp-content\/uploads\/2020\/06\/World-Intellectual-PropertyDay-768x768.png 768w, https:\/\/uniconciencia.com\/wp-content\/uploads\/2020\/06\/World-Intellectual-PropertyDay-600x600.png 600w, https:\/\/uniconciencia.com\/wp-content\/uploads\/2020\/06\/World-Intellectual-PropertyDay-100x100.png 100w\" sizes=\"(max-width: 800px) 100vw, 800px\" \/>\t\t\t\t\t\t\t\t\t\t\t\t\t\t\t<\/div>\n\t\t\t\t<\/div>\n\t\t\t\t<div class=\"elementor-element elementor-element-91bed14 elementor-widget elementor-widget-heading\" data-id=\"91bed14\" data-element_type=\"widget\" data-e-type=\"widget\" data-widget_type=\"heading.default\">\n\t\t\t\t<div class=\"elementor-widget-container\">\n\t\t\t\t\t<h2 class=\"elementor-heading-title elementor-size-default\">SALIR DEL SUFRIMIENTO.\nAutor: Sergio Gasparini\n\n<\/h2>\t\t\t\t<\/div>\n\t\t\t\t<\/div>\n\t\t\t\t<div class=\"elementor-element elementor-element-42a6130 elementor-widget elementor-widget-text-editor\" data-id=\"42a6130\" data-element_type=\"widget\" data-e-type=\"widget\" data-widget_type=\"text-editor.default\">\n\t\t\t\t<div class=\"elementor-widget-container\">\n\t\t\t\t\t\t\t\t\t<p>Salir del sufrimiento es una experiencia de comprensi\u00f3n,\u00a0 en la cual, es esencial incorporar una nueva manera de sentir, pensar y hacer. La pr\u00e1ctica\u00a0 consiste en\u00a0 comprender\u00a0 c\u00f3mo pensamos para\u00a0 cambiar nuestros\u00a0 programas mentales de creencias, que son los que nos inducen cotidianamente al conflicto.\u00a0 \u00a0 Poder observar estos programas\u00a0 y\u00a0 realizar un cambio de percepci\u00f3n de los mismos es\u00a0 lo que nos llevar\u00e1 paulatinamente\u00a0 a detener el dialogo interior de\u00a0 la mente para poder relajarnos y estar en paz.\u00a0 Nuestros\u00a0 programas mentales crean la forma que tenemos de interpretar el mundo y determinan como reaccionamos emocionalmente ante los diferentes acontecimientos que nos ofrece la vida.\u00a0 Todo sufrimiento\u00a0 es responsabilidad del pensador programado. Comprender que la vida es un juego, que todo juego es mental, que no hay ni hubo errores en tu vida,\u00a0 que est\u00e1 todo en perfecta sincron\u00eda, que no podes controlar nada, ni llegar a hacer que las cosas sean como vos quer\u00e9s, es el aprendizaje que te va a llevar indefectiblemente a abandonar el sufrimiento.<\/p>\t\t\t\t\t\t\t\t<\/div>\n\t\t\t\t<\/div>\n\t\t\t\t\t<\/div>\n\t\t<\/div>\n\t\t\t\t\t<\/div>\n\t\t<\/section>\n\t\t\t\t<section class=\"elementor-section elementor-top-section elementor-element elementor-element-0c6b119 elementor-section-boxed elementor-section-height-default elementor-section-height-default\" data-id=\"0c6b119\" data-element_type=\"section\" data-e-type=\"section\">\n\t\t\t\t\t\t<div class=\"elementor-container elementor-column-gap-default\">\n\t\t\t\t\t<div class=\"elementor-column elementor-col-100 elementor-top-column elementor-element elementor-element-8992ea7\" data-id=\"8992ea7\" data-element_type=\"column\" data-e-type=\"column\">\n\t\t\t<div class=\"elementor-widget-wrap\">\n\t\t\t\t\t\t\t<\/div>\n\t\t<\/div>\n\t\t\t\t\t<\/div>\n\t\t<\/section>\n\t\t\t\t<\/div>\n\t\t","protected":false},"excerpt":{"rendered":"<p>Nuestros Libros universidad conciencia DESPERTAR DE LA MATRIX. Autor: Sergio Gasparini La matrix es un programa perfecto que est\u00e1 en absoluta sincron\u00eda para llevar a cabo los fines que te propusiste antes de venir a experimentarla.\u00a0 Todo lo que percib\u00eds en ella es neutral, y est\u00e1 siendo proyectado desde tu mente inconsciente. Sos vos mismo [&hellip;]<\/p>\n","protected":false},"author":1,"featured_media":0,"parent":0,"menu_order":0,"comment_status":"closed","ping_status":"closed","template":"","meta":{"site-sidebar-layout":"no-sidebar","site-content-layout":"page-builder","ast-site-content-layout":"default","site-content-style":"default","site-sidebar-style":"default","ast-global-header-display":"","ast-banner-title-visibility":"","ast-main-header-display":"","ast-hfb-above-header-display":"","ast-hfb-below-header-display":"","ast-hfb-mobile-header-display":"","site-post-title":"disabled","ast-breadcrumbs-content":"","ast-featured-img":"disabled","footer-sml-layout":"","ast-disable-related-posts":"","theme-transparent-header-meta":"default","adv-header-id-meta":"","stick-header-meta":"","header-above-stick-meta":"","header-main-stick-meta":"","header-below-stick-meta":"","astra-migrate-meta-layouts":"default","ast-page-background-enabled":"default","ast-page-background-meta":{"desktop":{"background-color":"","background-image":"","background-repeat":"repeat","background-position":"center center","background-size":"auto","background-attachment":"scroll","background-type":"","background-media":"","overlay-type":"","overlay-color":"","overlay-opacity":"","overlay-gradient":""},"tablet":{"background-color":"","background-image":"","background-repeat":"repeat","background-position":"center center","background-size":"auto","background-attachment":"scroll","background-type":"","background-media":"","overlay-type":"","overlay-color":"","overlay-opacity":"","overlay-gradient":""},"mobile":{"background-color":"","background-image":"","background-repeat":"repeat","background-position":"center center","background-size":"auto","background-attachment":"scroll","background-type":"","background-media":"","overlay-type":"","overlay-color":"","overlay-opacity":"","overlay-gradient":""}},"ast-content-background-meta":{"desktop":{"background-color":"var(--ast-global-color-5)","background-image":"","background-repeat":"repeat","background-position":"center center","background-size":"auto","background-attachment":"scroll","background-type":"","background-media":"","overlay-type":"","overlay-color":"","overlay-opacity":"","overlay-gradient":""},"tablet":{"background-color":"var(--ast-global-color-5)","background-image":"","background-repeat":"repeat","background-position":"center center","background-size":"auto","background-attachment":"scroll","background-type":"","background-media":"","overlay-type":"","overlay-color":"","overlay-opacity":"","overlay-gradient":""},"mobile":{"background-color":"var(--ast-global-color-5)","background-image":"","background-repeat":"repeat","background-position":"center center","background-size":"auto","background-attachment":"scroll","background-type":"","background-media":"","overlay-type":"","overlay-color":"","overlay-opacity":"","overlay-gradient":""}},"footnotes":""},"class_list":["post-1664","page","type-page","status-publish","hentry"],"_links":{"self":[{"href":"https:\/\/uniconciencia.com\/index.php?rest_route=\/wp\/v2\/pages\/1664","targetHints":{"allow":["GET"]}}],"collection":[{"href":"https:\/\/uniconciencia.com\/index.php?rest_route=\/wp\/v2\/pages"}],"about":[{"href":"https:\/\/uniconciencia.com\/index.php?rest_route=\/wp\/v2\/types\/page"}],"author":[{"embeddable":true,"href":"https:\/\/uniconciencia.com\/index.php?rest_route=\/wp\/v2\/users\/1"}],"replies":[{"embeddable":true,"href":"https:\/\/uniconciencia.com\/index.php?rest_route=%2Fwp%2Fv2%2Fcomments&post=1664"}],"version-history":[{"count":0,"href":"https:\/\/uniconciencia.com\/index.php?rest_route=\/wp\/v2\/pages\/1664\/revisions"}],"wp:attachment":[{"href":"https:\/\/uniconciencia.com\/index.php?rest_route=%2Fwp%2Fv2%2Fmedia&parent=1664"}],"curies":[{"name":"wp","href":"https:\/\/api.w.org\/{rel}","templated":true}]}}